{"id":1326,"date":"2025-09-04T21:04:00","date_gmt":"2025-09-04T21:04:00","guid":{"rendered":"https:\/\/alliancetaxpro.com\/services\/"},"modified":"2026-04-10T15:32:32","modified_gmt":"2026-04-10T15:32:32","slug":"services","status":"publish","type":"page","link":"https:\/\/alliancetaxpro.com\/en\/services\/","title":{"rendered":"Services"},"content":{"rendered":"<div class=\"wp-block-uagb-container uagb-block-ae0bc409 alignfull uagb-is-root-container\"><div class=\"uagb-container-inner-blocks-wrap\">\n<div class=\"wp-block-uagb-advanced-heading uagb-block-8a1eebc0\"><h1 class=\"uagb-heading-text\"><strong>OUR SERVICES<\/strong><\/h1><\/div>\n<\/div><\/div>\n\n\n\n<div class=\"wp-block-uagb-container uagb-block-fba708a8 alignfull uagb-is-root-container\"><div class=\"uagb-container-inner-blocks-wrap\">\n<h2 class=\"wp-block-heading has-text-align-center has-text-color has-link-color wp-elements-da5b0e19ef72861f10ef38804c0ed47d\" style=\"color:#240dca\">360 FINANCIAL MANAGEMENT<\/h2>\n<\/div><\/div>\n\n\n\n<div class=\"wp-block-uagb-container uagb-block-b176eb71 alignfull uagb-is-root-container\"><div class=\"uagb-container-inner-blocks-wrap\">\n<div class=\"wp-block-media-text is-stacked-on-mobile\"><figure class=\"wp-block-media-text__media\"><img loading=\"lazy\" decoding=\"async\" width=\"1024\" height=\"536\" src=\"https:\/\/alliancetaxpro.com\/wp-content\/uploads\/2026\/03\/CONTABILIDAD-3-1024x536.jpeg\" alt=\"\" class=\"wp-image-3725 size-full\" srcset=\"https:\/\/alliancetaxpro.com\/wp-content\/uploads\/2026\/03\/CONTABILIDAD-3-1024x536.jpeg 1024w, https:\/\/alliancetaxpro.com\/wp-content\/uploads\/2026\/03\/CONTABILIDAD-3-300x157.jpeg 300w, https:\/\/alliancetaxpro.com\/wp-content\/uploads\/2026\/03\/CONTABILIDAD-3-768x402.jpeg 768w, https:\/\/alliancetaxpro.com\/wp-content\/uploads\/2026\/03\/CONTABILIDAD-3-18x9.jpeg 18w, https:\/\/alliancetaxpro.com\/wp-content\/uploads\/2026\/03\/CONTABILIDAD-3.jpeg 1468w\" sizes=\"auto, (max-width: 1024px) 100vw, 1024px\" \/><\/figure><div class=\"wp-block-media-text__content\">\n<p>360 FINANCIAL MANAGEMENT<\/p>\n\n\n\n<p>Financial management aimed at construction contractors who handle several projects at the same time.<\/p>\n\n\n\n<p>Through a strategic bookkeeping system, we provide financial assistance by helping construction contractors to understand and optimize their numbers, reduce money leaks in taxes they are not required to pay and other controllable items, and increase their profitability on each project by having total control of their money.<\/p>\n<\/div><\/div>\n<\/div><\/div>\n\n\n\n<div class=\"wp-block-uagb-container uagb-block-9594366f alignfull uagb-is-root-container\"><div class=\"uagb-container-inner-blocks-wrap\"><\/div><\/div>\n\n\n\n<div class=\"wp-block-uagb-container uagb-block-b0b4c318 alignfull uagb-is-root-container\"><div class=\"uagb-container-inner-blocks-wrap\">\n<h2 class=\"wp-block-heading has-text-align-center has-text-color has-link-color wp-elements-8a50d92ae9064772e049d7232f907cb4\" style=\"color:#240dca\">Income Tax Preparation<\/h2>\n<\/div><\/div>\n\n\n\n<div class=\"wp-block-uagb-container uagb-block-01aaefdd alignfull uagb-is-root-container\"><div class=\"uagb-container-inner-blocks-wrap\">\n<div class=\"wp-block-media-text is-stacked-on-mobile\"><figure class=\"wp-block-media-text__media\"><img loading=\"lazy\" decoding=\"async\" width=\"1024\" height=\"536\" src=\"https:\/\/alliancetaxpro.com\/wp-content\/uploads\/2026\/03\/IMPUESTOS-1-1024x536.jpeg\" alt=\"\" class=\"wp-image-3727 size-full\" srcset=\"https:\/\/alliancetaxpro.com\/wp-content\/uploads\/2026\/03\/IMPUESTOS-1-1024x536.jpeg 1024w, https:\/\/alliancetaxpro.com\/wp-content\/uploads\/2026\/03\/IMPUESTOS-1-300x157.jpeg 300w, https:\/\/alliancetaxpro.com\/wp-content\/uploads\/2026\/03\/IMPUESTOS-1-768x402.jpeg 768w, https:\/\/alliancetaxpro.com\/wp-content\/uploads\/2026\/03\/IMPUESTOS-1-18x9.jpeg 18w, https:\/\/alliancetaxpro.com\/wp-content\/uploads\/2026\/03\/IMPUESTOS-1.jpeg 1468w\" sizes=\"auto, (max-width: 1024px) 100vw, 1024px\" \/><\/figure><div class=\"wp-block-media-text__content\">\n<p>Under high standards of ethics and professionalism, we prepare federal and state tax returns for individuals, entrepreneurs, and businesses.<\/p>\n<\/div><\/div>\n<\/div><\/div>\n\n\n\n<div class=\"wp-block-uagb-container uagb-block-26c3251b alignfull uagb-is-root-container\"><div class=\"uagb-container-inner-blocks-wrap\"><\/div><\/div>\n\n\n\n<div class=\"wp-block-uagb-container uagb-block-9f3e3cd0 alignfull uagb-is-root-container\"><div class=\"uagb-container-inner-blocks-wrap\">\n<h2 class=\"wp-block-heading has-text-align-center has-text-color has-link-color wp-elements-9952ce3b95279f54c13641f8d07fced5\" style=\"color:#240dca\">Sales And Use Tax Preparation<\/h2>\n<\/div><\/div>\n\n\n\n<div class=\"wp-block-uagb-container uagb-block-78fdee6c alignfull uagb-is-root-container\"><div class=\"uagb-container-inner-blocks-wrap\">\n<div class=\"wp-block-media-text is-stacked-on-mobile\"><figure class=\"wp-block-media-text__media\"><img loading=\"lazy\" decoding=\"async\" width=\"1024\" height=\"559\" src=\"https:\/\/alliancetaxpro.com\/wp-content\/uploads\/2026\/03\/SALES-AND-USE-TAX-1024x559.jpeg\" alt=\"\" class=\"wp-image-3546 size-full\" srcset=\"https:\/\/alliancetaxpro.com\/wp-content\/uploads\/2026\/03\/SALES-AND-USE-TAX-1024x559.jpeg 1024w, https:\/\/alliancetaxpro.com\/wp-content\/uploads\/2026\/03\/SALES-AND-USE-TAX-300x164.jpeg 300w, https:\/\/alliancetaxpro.com\/wp-content\/uploads\/2026\/03\/SALES-AND-USE-TAX-768x419.jpeg 768w, https:\/\/alliancetaxpro.com\/wp-content\/uploads\/2026\/03\/SALES-AND-USE-TAX-18x10.jpeg 18w, https:\/\/alliancetaxpro.com\/wp-content\/uploads\/2026\/03\/SALES-AND-USE-TAX.jpeg 1408w\" sizes=\"auto, (max-width: 1024px) 100vw, 1024px\" \/><\/figure><div class=\"wp-block-media-text__content\">\n<p>We prepare state tax returns for taxes collected from the sale and\/or use of goods and services for individual entrepreneurs and businesses, based on the reporting schedule applicable to your business, whether monthly, quarterly, semiannually, or annually.<\/p>\n<\/div><\/div>\n<\/div><\/div>\n\n\n\n<div class=\"wp-block-uagb-container uagb-block-5e6de01a alignfull uagb-is-root-container\"><div class=\"uagb-container-inner-blocks-wrap\"><\/div><\/div>\n\n\n\n<div class=\"wp-block-uagb-container uagb-block-658210c7 alignfull uagb-is-root-container\"><div class=\"uagb-container-inner-blocks-wrap\">\n<h2 class=\"wp-block-heading has-text-align-center has-text-color has-link-color wp-elements-aa9389337e4c0bb7bab25bcb8f98379a\" style=\"color:#240dca\">Transmission Forms 1099s and 1042-S with the IRS<\/h2>\n<\/div><\/div>\n\n\n\n<div class=\"wp-block-uagb-container uagb-block-a1604d55 alignfull uagb-is-root-container\"><div class=\"uagb-container-inner-blocks-wrap\">\n<div class=\"wp-block-media-text is-stacked-on-mobile\"><figure class=\"wp-block-media-text__media\"><img loading=\"lazy\" decoding=\"async\" width=\"1024\" height=\"536\" src=\"https:\/\/alliancetaxpro.com\/wp-content\/uploads\/2026\/03\/TRANSMISION-1099-Y-1042-S-1-1024x536.jpeg\" alt=\"\" class=\"wp-image-3728 size-full\" srcset=\"https:\/\/alliancetaxpro.com\/wp-content\/uploads\/2026\/03\/TRANSMISION-1099-Y-1042-S-1-1024x536.jpeg 1024w, https:\/\/alliancetaxpro.com\/wp-content\/uploads\/2026\/03\/TRANSMISION-1099-Y-1042-S-1-300x157.jpeg 300w, https:\/\/alliancetaxpro.com\/wp-content\/uploads\/2026\/03\/TRANSMISION-1099-Y-1042-S-1-768x402.jpeg 768w, https:\/\/alliancetaxpro.com\/wp-content\/uploads\/2026\/03\/TRANSMISION-1099-Y-1042-S-1-18x9.jpeg 18w, https:\/\/alliancetaxpro.com\/wp-content\/uploads\/2026\/03\/TRANSMISION-1099-Y-1042-S-1.jpeg 1468w\" sizes=\"auto, (max-width: 1024px) 100vw, 1024px\" \/><\/figure><div class=\"wp-block-media-text__content\">\n<p>We prepare and submit to the IRS any form in the 1099 series corresponding to payments made to your subcontractors during the fiscal period, as well as the 1042-S forms for taxes withheld from foreign individuals.<\/p>\n<\/div><\/div>\n<\/div><\/div>\n\n\n\n<div class=\"wp-block-uagb-container uagb-block-ff8a98bf alignfull uagb-is-root-container\"><div class=\"uagb-container-inner-blocks-wrap\"><\/div><\/div>\n\n\n\n<div class=\"wp-block-uagb-container uagb-block-360a1951 alignfull uagb-is-root-container\"><div class=\"uagb-container-inner-blocks-wrap\">\n<h2 class=\"wp-block-heading has-text-align-center has-text-color has-link-color wp-elements-6b7cfc32592bbbb52e91bef61237ed19\" style=\"color:#240dca\">Certified Acceptance Agent (CAA)<\/h2>\n<\/div><\/div>\n\n\n\n<div class=\"wp-block-uagb-container uagb-block-9209d8e8 alignfull uagb-is-root-container\"><div class=\"uagb-container-inner-blocks-wrap\">\n<div class=\"wp-block-media-text is-stacked-on-mobile\"><figure class=\"wp-block-media-text__media\"><img loading=\"lazy\" decoding=\"async\" width=\"1024\" height=\"536\" src=\"https:\/\/alliancetaxpro.com\/wp-content\/uploads\/2026\/03\/ITIN-NUMBER-1-1024x536.jpeg\" alt=\"\" class=\"wp-image-3729 size-full\" srcset=\"https:\/\/alliancetaxpro.com\/wp-content\/uploads\/2026\/03\/ITIN-NUMBER-1-1024x536.jpeg 1024w, https:\/\/alliancetaxpro.com\/wp-content\/uploads\/2026\/03\/ITIN-NUMBER-1-300x157.jpeg 300w, https:\/\/alliancetaxpro.com\/wp-content\/uploads\/2026\/03\/ITIN-NUMBER-1-768x402.jpeg 768w, https:\/\/alliancetaxpro.com\/wp-content\/uploads\/2026\/03\/ITIN-NUMBER-1-18x9.jpeg 18w, https:\/\/alliancetaxpro.com\/wp-content\/uploads\/2026\/03\/ITIN-NUMBER-1.jpeg 1468w\" sizes=\"auto, (max-width: 1024px) 100vw, 1024px\" \/><\/figure><div class=\"wp-block-media-text__content\">\n<p>We process applications for a Taxpayer Identification Number (ITIN) for individuals who are not eligible to obtain a Social Security number for tax purposes.<\/p>\n<\/div><\/div>\n<\/div><\/div>\n\n\n\n<div class=\"wp-block-uagb-container uagb-block-3f9682ac alignfull uagb-is-root-container\"><div class=\"uagb-container-inner-blocks-wrap\"><\/div><\/div>\n\n\n\n<div class=\"wp-block-uagb-container uagb-block-0601d782 alignfull uagb-is-root-container\"><div class=\"uagb-container-inner-blocks-wrap\">\n<h2 class=\"wp-block-heading has-text-align-center has-text-color has-link-color wp-elements-ec481f8f80026800ecbae855e1511e1e\" style=\"color:#240dca\">Creation of new companies<\/h2>\n<\/div><\/div>\n\n\n\n<div class=\"wp-block-uagb-container uagb-block-6e72adbb alignfull uagb-is-root-container\"><div class=\"uagb-container-inner-blocks-wrap\">\n<div class=\"wp-block-media-text is-stacked-on-mobile\"><figure class=\"wp-block-media-text__media\"><img loading=\"lazy\" decoding=\"async\" width=\"1024\" height=\"536\" src=\"https:\/\/alliancetaxpro.com\/wp-content\/uploads\/2026\/03\/creacion-de-empresa-3-1024x536.jpeg\" alt=\"\" class=\"wp-image-3730 size-full\" srcset=\"https:\/\/alliancetaxpro.com\/wp-content\/uploads\/2026\/03\/creacion-de-empresa-3-1024x536.jpeg 1024w, https:\/\/alliancetaxpro.com\/wp-content\/uploads\/2026\/03\/creacion-de-empresa-3-300x157.jpeg 300w, https:\/\/alliancetaxpro.com\/wp-content\/uploads\/2026\/03\/creacion-de-empresa-3-768x402.jpeg 768w, https:\/\/alliancetaxpro.com\/wp-content\/uploads\/2026\/03\/creacion-de-empresa-3-18x9.jpeg 18w, https:\/\/alliancetaxpro.com\/wp-content\/uploads\/2026\/03\/creacion-de-empresa-3.jpeg 1468w\" sizes=\"auto, (max-width: 1024px) 100vw, 1024px\" \/><\/figure><div class=\"wp-block-media-text__content\">\n<p>We guide and support you in the creation of new companies, ensuring that they are registered with each and every entity to which they apply.<\/p>\n<\/div><\/div>\n<\/div><\/div>\n\n\n\n<div class=\"wp-block-uagb-container uagb-block-bf338c8b alignfull uagb-is-root-container\"><div class=\"uagb-container-inner-blocks-wrap\"><\/div><\/div>\n\n\n\n<div class=\"wp-block-uagb-container uagb-block-071ae32e alignfull uagb-is-root-container\"><div class=\"uagb-container-inner-blocks-wrap\">\n<h2 class=\"wp-block-heading has-text-align-center has-text-color has-link-color wp-elements-73529697409d4f26bbf1638b34620169\" style=\"color:#240dca\">Strategic Management Planning Design<\/h2>\n<\/div><\/div>\n\n\n\n<div class=\"wp-block-uagb-container uagb-block-40761da6 alignfull uagb-is-root-container\"><div class=\"uagb-container-inner-blocks-wrap\">\n<div class=\"wp-block-media-text is-stacked-on-mobile\"><figure class=\"wp-block-media-text__media\"><img loading=\"lazy\" decoding=\"async\" width=\"1024\" height=\"536\" src=\"https:\/\/alliancetaxpro.com\/wp-content\/uploads\/2026\/03\/PLANIFICACION-ESTRATEGICA-1-1024x536.jpeg\" alt=\"\" class=\"wp-image-3731 size-full\" srcset=\"https:\/\/alliancetaxpro.com\/wp-content\/uploads\/2026\/03\/PLANIFICACION-ESTRATEGICA-1-1024x536.jpeg 1024w, https:\/\/alliancetaxpro.com\/wp-content\/uploads\/2026\/03\/PLANIFICACION-ESTRATEGICA-1-300x157.jpeg 300w, https:\/\/alliancetaxpro.com\/wp-content\/uploads\/2026\/03\/PLANIFICACION-ESTRATEGICA-1-768x402.jpeg 768w, https:\/\/alliancetaxpro.com\/wp-content\/uploads\/2026\/03\/PLANIFICACION-ESTRATEGICA-1-18x9.jpeg 18w, https:\/\/alliancetaxpro.com\/wp-content\/uploads\/2026\/03\/PLANIFICACION-ESTRATEGICA-1.jpeg 1468w\" sizes=\"auto, (max-width: 1024px) 100vw, 1024px\" \/><\/figure><div class=\"wp-block-media-text__content\">\n<p>Every entrepreneur has a clear vision for the business they want to launch and where they want to go. They have a clear mission or fundamental purpose for their company and the goals they wish to achieve. We help you organize all these ideas by designing a theoretical framework that will guide you to success. We firmly believe that every entrepreneur should start big; adopting a strategic planning model is vital to charting a clear path toward their proposed objectives. This isn't just for large companies.<\/p>\n<\/div><\/div>\n<\/div><\/div>\n\n\n\n<div class=\"wp-block-uagb-container uagb-block-2379cf68 alignfull uagb-is-root-container\"><div class=\"uagb-container-inner-blocks-wrap\"><\/div><\/div>\n\n\n\n<div class=\"wp-block-uagb-container uagb-block-09523106 alignfull uagb-is-root-container\"><div class=\"uagb-container-inner-blocks-wrap\">\n<div class=\"wp-block-uagb-image uagb-block-4f123dde wp-block-uagb-image--layout-default wp-block-uagb-image--effect-static wp-block-uagb-image--align-none\"><figure class=\"wp-block-uagb-image__figure\"><img decoding=\"async\" srcset=\"https:\/\/alliancetaxpro.com\/wp-content\/uploads\/2021\/11\/quotes.svg ,https:\/\/alliancetaxpro.com\/wp-content\/uploads\/2021\/11\/quotes.svg 780w, https:\/\/alliancetaxpro.com\/wp-content\/uploads\/2021\/11\/quotes.svg 360w\" sizes=\"auto, (max-width: 480px) 150px\" src=\"https:\/\/alliancetaxpro.com\/wp-content\/uploads\/2021\/11\/quotes.svg\" alt=\"\" class=\"uag-image-117\" width=\"46\" height=\"38\" title=\"quotes\" loading=\"lazy\" role=\"img\"\/><\/figure><\/div>\n\n\n\n<h2 class=\"wp-block-heading has-text-align-center has-text-color has-link-color has-large-font-size wp-elements-ba17b1b30455fc12d64304563b141632\" style=\"color:#2911d0;text-transform:none\"><em>\u201cBusiness is in some ways like war,<\/em> <em>if the overall strategy is correct,<\/em> <em>any number of tactical errors can be made and,<\/em> <em>despite this,<\/em> the company will be a success.\u201d<\/h2>\n\n\n\n<p class=\"has-text-align-right has-text-color has-link-color wp-elements-e0e5749c9c1498c6dc1d1ec016e79e2b\" style=\"color:#2310de\"><strong><em>Robert Wood , President of Sears (1939-1954).<\/em><\/strong><\/p>\n<\/div><\/div>\n\n\n\n<p><\/p>","protected":false},"excerpt":{"rendered":"<p>NUESTROS SERVICIOS GESTION FINANCIERA 360 GESTION FINANCIERA 360 Gesti\u00f3n financiera dirigida a contratistas de la construcci\u00f3n que manejan varios proyectos al mismo tiempo. A trav\u00e9s de un sistema de bookkeeping estrat\u00e9gico brindamos asistencia financiera ayudando a contratistas de la construcci\u00f3n a entender y optimizar sus n\u00fameros, reducir fugas de dinero en taxes que no les [&hellip;]<\/p>\n","protected":false},"author":1,"featured_media":0,"parent":0,"menu_order":0,"comment_status":"closed","ping_status":"closed","template":"","meta":{"_uag_custom_page_level_css":"","site-sidebar-layout":"no-sidebar","site-content-layout":"page-builder","ast-site-content-layout":"full-width-container","site-content-style":"unboxed","site-sidebar-style":"unboxed","ast-global-header-display":"","ast-banner-title-visibility":"","ast-main-header-display":"","ast-hfb-above-header-display":"","ast-hfb-below-header-display":"","ast-hfb-mobile-header-display":"","site-post-title":"disabled","ast-breadcrumbs-content":"","ast-featured-img":"disabled","footer-sml-layout":"","ast-disable-related-posts":"","theme-transparent-header-meta":"enabled","adv-header-id-meta":"","stick-header-meta":"","header-above-stick-meta":"","header-main-stick-meta":"","header-below-stick-meta":"","astra-migrate-meta-layouts":"set","ast-page-background-enabled":"default","ast-page-background-meta":{"desktop":{"background-color":"var(--ast-global-color-4)","background-image":"","background-repeat":"repeat","background-position":"center center","background-size":"auto","background-attachment":"scroll","background-type":"","background-media":"","overlay-type":"","overlay-color":"","overlay-opacity":"","overlay-gradient":""},"tablet":{"background-color":"","background-image":"","background-repeat":"repeat","background-position":"center center","background-size":"auto","background-attachment":"scroll","background-type":"","background-media":"","overlay-type":"","overlay-color":"","overlay-opacity":"","overlay-gradient":""},"mobile":{"background-color":"","background-image":"","background-repeat":"repeat","background-position":"center center","background-size":"auto","background-attachment":"scroll","background-type":"","background-media":"","overlay-type":"","overlay-color":"","overlay-opacity":"","overlay-gradient":""}},"ast-content-background-meta":{"desktop":{"background-color":"var(--ast-global-color-5)","background-image":"","background-repeat":"repeat","background-position":"center center","background-size":"auto","background-attachment":"scroll","background-type":"","background-media":"","overlay-type":"","overlay-color":"","overlay-opacity":"","overlay-gradient":""},"tablet":{"background-color":"var(--ast-global-color-5)","background-image":"","background-repeat":"repeat","background-position":"center center","background-size":"auto","background-attachment":"scroll","background-type":"","background-media":"","overlay-type":"","overlay-color":"","overlay-opacity":"","overlay-gradient":""},"mobile":{"background-color":"var(--ast-global-color-5)","background-image":"","background-repeat":"repeat","background-position":"center center","background-size":"auto","background-attachment":"scroll","background-type":"","background-media":"","overlay-type":"","overlay-color":"","overlay-opacity":"","overlay-gradient":""}},"footnotes":""},"class_list":["post-1326","page","type-page","status-publish","hentry"],"aioseo_notices":[],"_hostinger_reach_plugin_has_subscription_block":false,"_hostinger_reach_plugin_is_elementor":false,"uagb_featured_image_src":{"full":false,"thumbnail":false,"medium":false,"medium_large":false,"large":false,"1536x1536":false,"2048x2048":false,"trp-custom-language-flag":false,"sow-carousel-default":false},"uagb_author_info":{"display_name":"alliancetaxprofl@gmail.com","author_link":"https:\/\/alliancetaxpro.com\/en\/author\/alliancetaxproflgmail-com\/"},"uagb_comment_info":0,"uagb_excerpt":"NUESTROS SERVICIOS GESTION FINANCIERA 360 GESTION FINANCIERA 360 Gesti\u00f3n financiera dirigida a contratistas de la construcci\u00f3n que manejan varios proyectos al mismo tiempo. A trav\u00e9s de un sistema de bookkeeping estrat\u00e9gico brindamos asistencia financiera ayudando a contratistas de la construcci\u00f3n a entender y optimizar sus n\u00fameros, reducir fugas de dinero en taxes que no les&hellip;","_links":{"self":[{"href":"https:\/\/alliancetaxpro.com\/en\/wp-json\/wp\/v2\/pages\/1326","targetHints":{"allow":["GET"]}}],"collection":[{"href":"https:\/\/alliancetaxpro.com\/en\/wp-json\/wp\/v2\/pages"}],"about":[{"href":"https:\/\/alliancetaxpro.com\/en\/wp-json\/wp\/v2\/types\/page"}],"author":[{"embeddable":true,"href":"https:\/\/alliancetaxpro.com\/en\/wp-json\/wp\/v2\/users\/1"}],"replies":[{"embeddable":true,"href":"https:\/\/alliancetaxpro.com\/en\/wp-json\/wp\/v2\/comments?post=1326"}],"version-history":[{"count":66,"href":"https:\/\/alliancetaxpro.com\/en\/wp-json\/wp\/v2\/pages\/1326\/revisions"}],"predecessor-version":[{"id":3732,"href":"https:\/\/alliancetaxpro.com\/en\/wp-json\/wp\/v2\/pages\/1326\/revisions\/3732"}],"wp:attachment":[{"href":"https:\/\/alliancetaxpro.com\/en\/wp-json\/wp\/v2\/media?parent=1326"}],"curies":[{"name":"wp","href":"https:\/\/api.w.org\/{rel}","templated":true}]}}